{"id":3496,"date":"2013-04-04T15:18:43","date_gmt":"2013-04-04T15:18:43","guid":{"rendered":"http:\/\/theme-fusion.com\/avadaxml\/?page_id=3496"},"modified":"2022-10-09T11:30:07","modified_gmt":"2022-10-09T09:30:07","slug":"our-office","status":"publish","type":"page","link":"http:\/\/www.susanne-frigge.de\/schmuck\/our-office\/","title":{"rendered":"Mein Atelier"},"content":{"rendered":"<div class=\"fusion-fullwidth fullwidth-box fusion-builder-row-1 fusion-flex-container hundred-percent-fullwidth non-hundred-percent-height-scrolling\" style=\"--awb-border-radius-top-left:0px;--awb-border-radius-top-right:0px;--awb-border-radius-bottom-right:0px;--awb-border-radius-bottom-left:0px;--awb-overflow:visible;--awb-flex-wrap:wrap;\" ><div class=\"fusion-builder-row fusion-row fusion-flex-align-items-flex-start fusion-flex-content-wrap\" style=\"width:104% !important;max-width:104% !important;margin-left: calc(-4% \/ 2 );margin-right: calc(-4% \/ 2 );\"><div class=\"fusion-layout-column fusion_builder_column fusion-builder-column-0 fusion_builder_column_1_1 1_1 fusion-flex-column fusion-flex-align-self-flex-start fusion-column-no-min-height\" style=\"--awb-bg-size:cover;--awb-width-large:100%;--awb-margin-top-large:0px;--awb-spacing-right-large:1.92%;--awb-margin-bottom-large:0px;--awb-spacing-left-large:1.92%;--awb-width-medium:100%;--awb-spacing-right-medium:1.92%;--awb-spacing-left-medium:1.92%;--awb-width-small:100%;--awb-spacing-right-small:1.92%;--awb-spacing-left-small:1.92%;\"><div class=\"fusion-column-wrapper fusion-flex-justify-content-flex-start fusion-content-layout-column\"><div class=\"fusion-title title fusion-title-1 fusion-title-text fusion-title-size-two\" style=\"--awb-sep-color:#f6f6f6;\"><div class=\"title-sep-container title-sep-container-left fusion-no-large-visibility fusion-no-medium-visibility fusion-no-small-visibility\"><div class=\"title-sep sep-single sep-solid\" style=\"border-color:#f6f6f6;\"><\/div><\/div><span class=\"awb-title-spacer fusion-no-large-visibility fusion-no-medium-visibility fusion-no-small-visibility\"><\/span><h2 class=\"fusion-title-heading title-heading-left\" style=\"margin:0;\">Wo ich bin, da will ich sein.<\/h2><span class=\"awb-title-spacer\"><\/span><div class=\"title-sep-container title-sep-container-right\"><div class=\"title-sep sep-single sep-solid\" style=\"border-color:#f6f6f6;\"><\/div><\/div><\/div><div class=\"fusion-separator fusion-full-width-sep\" style=\"align-self: center;margin-left: auto;margin-right: auto;margin-top:-20px;margin-bottom:20px;width:100%;\"><div class=\"fusion-separator-border sep-single sep-solid\" style=\"--awb-height:20px;--awb-amount:20px;border-color:#e0dede;border-top-width:1px;\"><\/div><\/div><div class=\"fusion-text fusion-text-1\"><p>Schon immer war mein Arbeitsplatz der sch\u00f6nste Raum der Wohnung. Genug Platz, viel Licht und eine bezaubernde Aussicht. Der Arbeitstisch, an dem ich seit 20 Jahren arbeite, steht am Fenster. Er ist nie ein Bild der Ordnung, sondern ein Werktisch zum H\u00e4mmern, S\u00e4gen, Feilen und L\u00f6ten. Ich liebe meine Werkzeuge und habe sie fast t\u00e4glich in den H\u00e4nden. Meistens entstehen meine Entw\u00fcrfe \u00fcber das Material, das ich entdecke. Sei es eine alte M\u00fcnze, ein perfekt geschliffener Stein, schillernde Perlen, Kieselsteine oder Kletterseile.<\/p>\n<p>Ein anderer wichtiger Bereich f\u00fcr mich ist das Konstruieren von Verschl\u00fcssen f\u00fcr meine Colliers und Armb\u00e4nder. Dabei sind es immer v\u00f6llig verschiedene Anspr\u00fcche an die Funktion und das Design, denen die Verschl\u00fcsse gen\u00fcgen m\u00fcssen. Gemeinsam haben sie eines, sie sind ein Schmuckst\u00fcck und nicht nur Mittel zum Zweck.<\/p>\n<p>Es ist interessant zu beobachten, dass nach so langer Erfahrung mit dem Metall sich eine Selbstverst\u00e4ndlichkeit und Genauigkeit in der Bearbeitung eingestellt hat, die nur selten ein Nachmessen erforderlich macht. Meine H\u00e4nde arbeiten oft wie von selbst.<\/p>\n<\/div><div class=\"fusion-separator fusion-full-width-sep\" style=\"align-self: center;margin-left: auto;margin-right: auto;margin-top:15px;margin-bottom:15px;width:100%;\"><\/div><\/div><\/div><div class=\"fusion-layout-column fusion_builder_column fusion-builder-column-1 fusion_builder_column_1_1 1_1 fusion-flex-column fusion-flex-align-self-flex-start fusion-column-no-min-height\" style=\"--awb-bg-size:cover;--awb-width-large:100%;--awb-margin-top-large:0px;--awb-spacing-right-large:1.92%;--awb-margin-bottom-large:0px;--awb-spacing-left-large:1.92%;--awb-width-medium:100%;--awb-spacing-right-medium:1.92%;--awb-spacing-left-medium:1.92%;--awb-width-small:100%;--awb-spacing-right-small:1.92%;--awb-spacing-left-small:1.92%;\"><div class=\"fusion-column-wrapper fusion-flex-justify-content-flex-start fusion-content-layout-column\"><div class=\"fusion-title title fusion-title-2 fusion-title-text fusion-title-size-two\" style=\"--awb-sep-color:#f6f6f6;\"><div class=\"title-sep-container title-sep-container-left fusion-no-large-visibility fusion-no-medium-visibility fusion-no-small-visibility\"><div class=\"title-sep sep-single sep-solid\" style=\"border-color:#f6f6f6;\"><\/div><\/div><span class=\"awb-title-spacer fusion-no-large-visibility fusion-no-medium-visibility fusion-no-small-visibility\"><\/span><h2 class=\"fusion-title-heading title-heading-left\" style=\"margin:0;\">So sieht mein Arbeitsplatz aus<\/h2><span class=\"awb-title-spacer\"><\/span><div class=\"title-sep-container title-sep-container-right\"><div class=\"title-sep sep-single sep-solid\" style=\"border-color:#f6f6f6;\"><\/div><\/div><\/div><div class=\"fusion-separator fusion-full-width-sep\" style=\"align-self: center;margin-left: auto;margin-right: auto;margin-top:-20px;margin-bottom:20px;width:100%;\"><div class=\"fusion-separator-border sep-single sep-solid\" style=\"--awb-height:20px;--awb-amount:20px;border-color:#e0dede;border-top-width:1px;\"><\/div><\/div><\/div><\/div><div class=\"fusion-layout-column fusion_builder_column fusion-builder-column-2 fusion_builder_column_1_3 1_3 fusion-flex-column\" style=\"--awb-bg-size:cover;--awb-width-large:33.333333333333%;--awb-margin-top-large:0px;--awb-spacing-right-large:5.76%;--awb-margin-bottom-large:20px;--awb-spacing-left-large:5.76%;--awb-width-medium:33.333333333333%;--awb-spacing-right-medium:5.76%;--awb-spacing-left-medium:5.76%;--awb-width-small:100%;--awb-spacing-right-small:1.92%;--awb-spacing-left-small:1.92%;\"><div class=\"fusion-column-wrapper fusion-flex-justify-content-flex-start fusion-content-layout-column\"><div class=\"fusion-text fusion-text-2\"><p><a href=\"http:\/\/susanne-frigge.de\/schmuck-update\/wp-content\/uploads\/2013\/04\/Arbeitsplatz71.jpg\"><img decoding=\"async\" class=\"alignnone size-full wp-image-12748\" src=\"http:\/\/susanne-frigge.de\/schmuck-update\/wp-content\/uploads\/2013\/04\/Arbeitsplatz71.jpg\" alt=\"Arbeitsplatz7\" width=\"450\" height=\"300\" srcset=\"http:\/\/www.susanne-frigge.de\/schmuck\/wp-content\/uploads\/2013\/04\/Arbeitsplatz71-120x80.jpg 120w, http:\/\/www.susanne-frigge.de\/schmuck\/wp-content\/uploads\/2013\/04\/Arbeitsplatz71-300x200.jpg 300w, http:\/\/www.susanne-frigge.de\/schmuck\/wp-content\/uploads\/2013\/04\/Arbeitsplatz71.jpg 450w\" sizes=\"(max-width: 450px) 100vw, 450px\" \/><\/a><\/p>\n<\/div><\/div><\/div><div class=\"fusion-layout-column fusion_builder_column fusion-builder-column-3 fusion_builder_column_1_3 1_3 fusion-flex-column\" style=\"--awb-bg-size:cover;--awb-width-large:33.333333333333%;--awb-margin-top-large:0px;--awb-spacing-right-large:5.76%;--awb-margin-bottom-large:20px;--awb-spacing-left-large:5.76%;--awb-width-medium:33.333333333333%;--awb-spacing-right-medium:5.76%;--awb-spacing-left-medium:5.76%;--awb-width-small:100%;--awb-spacing-right-small:1.92%;--awb-spacing-left-small:1.92%;\"><div class=\"fusion-column-wrapper fusion-flex-justify-content-flex-start fusion-content-layout-column\"><div class=\"fusion-text fusion-text-3\"><p><a href=\"http:\/\/susanne-frigge.de\/schmuck-update\/wp-content\/uploads\/2013\/04\/Arbeitsplatz5.jpg\"><img decoding=\"async\" class=\"alignnone size-full wp-image-12746\" src=\"http:\/\/susanne-frigge.de\/schmuck-update\/wp-content\/uploads\/2013\/04\/Arbeitsplatz5.jpg\" alt=\"Arbeitsplatz5\" width=\"450\" height=\"300\" srcset=\"http:\/\/www.susanne-frigge.de\/schmuck\/wp-content\/uploads\/2013\/04\/Arbeitsplatz5-120x80.jpg 120w, http:\/\/www.susanne-frigge.de\/schmuck\/wp-content\/uploads\/2013\/04\/Arbeitsplatz5-300x200.jpg 300w, http:\/\/www.susanne-frigge.de\/schmuck\/wp-content\/uploads\/2013\/04\/Arbeitsplatz5.jpg 450w\" sizes=\"(max-width: 450px) 100vw, 450px\" \/><\/a><\/p>\n<\/div><\/div><\/div><div class=\"fusion-layout-column fusion_builder_column fusion-builder-column-4 fusion_builder_column_1_3 1_3 fusion-flex-column\" style=\"--awb-bg-size:cover;--awb-width-large:33.333333333333%;--awb-margin-top-large:0px;--awb-spacing-right-large:5.76%;--awb-margin-bottom-large:20px;--awb-spacing-left-large:5.76%;--awb-width-medium:33.333333333333%;--awb-spacing-right-medium:5.76%;--awb-spacing-left-medium:5.76%;--awb-width-small:100%;--awb-spacing-right-small:1.92%;--awb-spacing-left-small:1.92%;\"><div class=\"fusion-column-wrapper fusion-flex-justify-content-flex-start fusion-content-layout-column\"><div class=\"fusion-text fusion-text-4\"><p><a href=\"http:\/\/susanne-frigge.de\/schmuck-update\/wp-content\/uploads\/2013\/04\/Fensterblick1.jpg\"><img decoding=\"async\" class=\"alignnone size-full wp-image-12758\" src=\"http:\/\/susanne-frigge.de\/schmuck-update\/wp-content\/uploads\/2013\/04\/Fensterblick1.jpg\" alt=\"Fensterblick\" width=\"450\" height=\"300\" srcset=\"http:\/\/www.susanne-frigge.de\/schmuck\/wp-content\/uploads\/2013\/04\/Fensterblick1-120x80.jpg 120w, http:\/\/www.susanne-frigge.de\/schmuck\/wp-content\/uploads\/2013\/04\/Fensterblick1-300x200.jpg 300w, http:\/\/www.susanne-frigge.de\/schmuck\/wp-content\/uploads\/2013\/04\/Fensterblick1.jpg 450w\" sizes=\"(max-width: 450px) 100vw, 450px\" \/><\/a><\/p>\n<\/div><\/div><\/div><div class=\"fusion-layout-column fusion_builder_column fusion-builder-column-5 fusion_builder_column_1_3 1_3 fusion-flex-column\" style=\"--awb-bg-size:cover;--awb-width-large:33.333333333333%;--awb-margin-top-large:0px;--awb-spacing-right-large:5.76%;--awb-margin-bottom-large:20px;--awb-spacing-left-large:5.76%;--awb-width-medium:33.333333333333%;--awb-spacing-right-medium:5.76%;--awb-spacing-left-medium:5.76%;--awb-width-small:100%;--awb-spacing-right-small:1.92%;--awb-spacing-left-small:1.92%;\"><div class=\"fusion-column-wrapper fusion-flex-justify-content-flex-start fusion-content-layout-column\"><div class=\"fusion-text fusion-text-5\"><p><a href=\"http:\/\/susanne-frigge.de\/schmuck-update\/wp-content\/uploads\/2013\/04\/Arbeitsplatz31.jpg\"><img decoding=\"async\" class=\"alignnone size-full wp-image-12744\" src=\"http:\/\/susanne-frigge.de\/schmuck-update\/wp-content\/uploads\/2013\/04\/Arbeitsplatz31.jpg\" alt=\"Arbeitsplatz3\" width=\"450\" height=\"300\" srcset=\"http:\/\/www.susanne-frigge.de\/schmuck\/wp-content\/uploads\/2013\/04\/Arbeitsplatz31-120x80.jpg 120w, http:\/\/www.susanne-frigge.de\/schmuck\/wp-content\/uploads\/2013\/04\/Arbeitsplatz31-300x200.jpg 300w, http:\/\/www.susanne-frigge.de\/schmuck\/wp-content\/uploads\/2013\/04\/Arbeitsplatz31.jpg 450w\" sizes=\"(max-width: 450px) 100vw, 450px\" \/><\/a><\/p>\n<\/div><\/div><\/div><div class=\"fusion-layout-column fusion_builder_column fusion-builder-column-6 fusion_builder_column_1_3 1_3 fusion-flex-column\" style=\"--awb-bg-size:cover;--awb-width-large:33.333333333333%;--awb-margin-top-large:0px;--awb-spacing-right-large:5.76%;--awb-margin-bottom-large:20px;--awb-spacing-left-large:5.76%;--awb-width-medium:33.333333333333%;--awb-spacing-right-medium:5.76%;--awb-spacing-left-medium:5.76%;--awb-width-small:100%;--awb-spacing-right-small:1.92%;--awb-spacing-left-small:1.92%;\"><div class=\"fusion-column-wrapper fusion-flex-justify-content-flex-start fusion-content-layout-column\"><div class=\"fusion-text fusion-text-6\"><p><a href=\"http:\/\/susanne-frigge.de\/schmuck-update\/wp-content\/uploads\/2013\/04\/Arbeitsplatz.jpg\"><img decoding=\"async\" class=\"alignnone size-full wp-image-12742\" src=\"http:\/\/susanne-frigge.de\/schmuck-update\/wp-content\/uploads\/2013\/04\/Arbeitsplatz.jpg\" alt=\"Arbeitsplatz\" width=\"442\" height=\"295\" srcset=\"http:\/\/www.susanne-frigge.de\/schmuck\/wp-content\/uploads\/2013\/04\/Arbeitsplatz-120x80.jpg 120w, http:\/\/www.susanne-frigge.de\/schmuck\/wp-content\/uploads\/2013\/04\/Arbeitsplatz-300x200.jpg 300w, http:\/\/www.susanne-frigge.de\/schmuck\/wp-content\/uploads\/2013\/04\/Arbeitsplatz.jpg 442w\" sizes=\"(max-width: 442px) 100vw, 442px\" \/><\/a><\/p>\n<\/div><\/div><\/div><div class=\"fusion-layout-column fusion_builder_column fusion-builder-column-7 fusion_builder_column_1_3 1_3 fusion-flex-column\" style=\"--awb-bg-size:cover;--awb-width-large:33.333333333333%;--awb-margin-top-large:0px;--awb-spacing-right-large:5.76%;--awb-margin-bottom-large:20px;--awb-spacing-left-large:5.76%;--awb-width-medium:33.333333333333%;--awb-spacing-right-medium:5.76%;--awb-spacing-left-medium:5.76%;--awb-width-small:100%;--awb-spacing-right-small:1.92%;--awb-spacing-left-small:1.92%;\"><div class=\"fusion-column-wrapper fusion-flex-justify-content-flex-start fusion-content-layout-column\"><div class=\"fusion-text fusion-text-7\"><p><a href=\"http:\/\/susanne-frigge.de\/schmuck-update\/wp-content\/uploads\/2013\/04\/Arbeitsplatz41.jpg\"><img decoding=\"async\" class=\"alignnone size-full wp-image-12745\" src=\"http:\/\/susanne-frigge.de\/schmuck-update\/wp-content\/uploads\/2013\/04\/Arbeitsplatz41.jpg\" alt=\"Arbeitsplatz4\" width=\"449\" height=\"299\" srcset=\"http:\/\/www.susanne-frigge.de\/schmuck\/wp-content\/uploads\/2013\/04\/Arbeitsplatz41-120x79.jpg 120w, http:\/\/www.susanne-frigge.de\/schmuck\/wp-content\/uploads\/2013\/04\/Arbeitsplatz41-300x199.jpg 300w, http:\/\/www.susanne-frigge.de\/schmuck\/wp-content\/uploads\/2013\/04\/Arbeitsplatz41.jpg 449w\" sizes=\"(max-width: 449px) 100vw, 449px\" \/><\/a><\/p>\n<\/div><\/div><\/div><div class=\"fusion-layout-column fusion_builder_column fusion-builder-column-8 fusion_builder_column_1_3 1_3 fusion-flex-column\" style=\"--awb-bg-size:cover;--awb-width-large:33.333333333333%;--awb-margin-top-large:0px;--awb-spacing-right-large:5.76%;--awb-margin-bottom-large:20px;--awb-spacing-left-large:5.76%;--awb-width-medium:33.333333333333%;--awb-spacing-right-medium:5.76%;--awb-spacing-left-medium:5.76%;--awb-width-small:100%;--awb-spacing-right-small:1.92%;--awb-spacing-left-small:1.92%;\"><div class=\"fusion-column-wrapper fusion-flex-justify-content-flex-start fusion-content-layout-column\"><div class=\"fusion-text fusion-text-8\"><p><a href=\"http:\/\/susanne-frigge.de\/schmuck-update\/wp-content\/uploads\/2013\/04\/Muschel-und-Samenkapseln.jpg\"><img decoding=\"async\" class=\"alignnone size-full wp-image-12763\" src=\"http:\/\/susanne-frigge.de\/schmuck-update\/wp-content\/uploads\/2013\/04\/Muschel-und-Samenkapseln.jpg\" alt=\"Muschel und Samenkapseln\" width=\"450\" height=\"300\" srcset=\"http:\/\/www.susanne-frigge.de\/schmuck\/wp-content\/uploads\/2013\/04\/Muschel-und-Samenkapseln-120x80.jpg 120w, http:\/\/www.susanne-frigge.de\/schmuck\/wp-content\/uploads\/2013\/04\/Muschel-und-Samenkapseln-300x200.jpg 300w, http:\/\/www.susanne-frigge.de\/schmuck\/wp-content\/uploads\/2013\/04\/Muschel-und-Samenkapseln.jpg 450w\" sizes=\"(max-width: 450px) 100vw, 450px\" \/><\/a><\/p>\n<\/div><\/div><\/div><div class=\"fusion-layout-column fusion_builder_column fusion-builder-column-9 fusion_builder_column_1_3 1_3 fusion-flex-column\" style=\"--awb-bg-size:cover;--awb-width-large:33.333333333333%;--awb-margin-top-large:0px;--awb-spacing-right-large:5.76%;--awb-margin-bottom-large:20px;--awb-spacing-left-large:5.76%;--awb-width-medium:33.333333333333%;--awb-spacing-right-medium:5.76%;--awb-spacing-left-medium:5.76%;--awb-width-small:100%;--awb-spacing-right-small:1.92%;--awb-spacing-left-small:1.92%;\"><div class=\"fusion-column-wrapper fusion-flex-justify-content-flex-start fusion-content-layout-column\"><div class=\"fusion-text fusion-text-9\"><p><a href=\"http:\/\/susanne-frigge.de\/schmuck-update\/wp-content\/uploads\/2013\/04\/Porzellanknopf1.jpg\"><img decoding=\"async\" class=\"alignnone size-full wp-image-12765\" src=\"http:\/\/susanne-frigge.de\/schmuck-update\/wp-content\/uploads\/2013\/04\/Porzellanknopf1.jpg\" alt=\"Porzellanknopf\" width=\"443\" height=\"295\" srcset=\"http:\/\/www.susanne-frigge.de\/schmuck\/wp-content\/uploads\/2013\/04\/Porzellanknopf1-120x79.jpg 120w, http:\/\/www.susanne-frigge.de\/schmuck\/wp-content\/uploads\/2013\/04\/Porzellanknopf1-300x199.jpg 300w, http:\/\/www.susanne-frigge.de\/schmuck\/wp-content\/uploads\/2013\/04\/Porzellanknopf1.jpg 443w\" sizes=\"(max-width: 443px) 100vw, 443px\" \/><\/a><\/p>\n<\/div><\/div><\/div><div class=\"fusion-layout-column fusion_builder_column fusion-builder-column-10 fusion_builder_column_1_3 1_3 fusion-flex-column\" style=\"--awb-bg-size:cover;--awb-width-large:33.333333333333%;--awb-margin-top-large:0px;--awb-spacing-right-large:5.76%;--awb-margin-bottom-large:20px;--awb-spacing-left-large:5.76%;--awb-width-medium:33.333333333333%;--awb-spacing-right-medium:5.76%;--awb-spacing-left-medium:5.76%;--awb-width-small:100%;--awb-spacing-right-small:1.92%;--awb-spacing-left-small:1.92%;\"><div class=\"fusion-column-wrapper fusion-flex-justify-content-flex-start fusion-content-layout-column\"><div class=\"fusion-text fusion-text-10\"><p><a href=\"http:\/\/susanne-frigge.de\/schmuck-update\/wp-content\/uploads\/2013\/04\/Kunststoffe2.jpg\"><img decoding=\"async\" class=\"alignnone size-full wp-image-12760\" src=\"http:\/\/susanne-frigge.de\/schmuck-update\/wp-content\/uploads\/2013\/04\/Kunststoffe2.jpg\" alt=\"Kunststoffe2\" width=\"450\" height=\"300\" srcset=\"http:\/\/www.susanne-frigge.de\/schmuck\/wp-content\/uploads\/2013\/04\/Kunststoffe2-120x80.jpg 120w, http:\/\/www.susanne-frigge.de\/schmuck\/wp-content\/uploads\/2013\/04\/Kunststoffe2-300x200.jpg 300w, http:\/\/www.susanne-frigge.de\/schmuck\/wp-content\/uploads\/2013\/04\/Kunststoffe2.jpg 450w\" sizes=\"(max-width: 450px) 100vw, 450px\" \/><\/a><\/p>\n<\/div><\/div><\/div><div class=\"fusion-layout-column fusion_builder_column fusion-builder-column-11 fusion_builder_column_1_3 1_3 fusion-flex-column\" style=\"--awb-bg-size:cover;--awb-width-large:33.333333333333%;--awb-margin-top-large:0px;--awb-spacing-right-large:5.76%;--awb-margin-bottom-large:20px;--awb-spacing-left-large:5.76%;--awb-width-medium:33.333333333333%;--awb-spacing-right-medium:5.76%;--awb-spacing-left-medium:5.76%;--awb-width-small:100%;--awb-spacing-right-small:1.92%;--awb-spacing-left-small:1.92%;\"><div class=\"fusion-column-wrapper fusion-flex-justify-content-flex-start fusion-content-layout-column\"><div class=\"fusion-text fusion-text-11\"><p><a href=\"http:\/\/susanne-frigge.de\/schmuck-update\/wp-content\/uploads\/2013\/04\/Material-Silber24.jpg\"><img decoding=\"async\" class=\"alignnone size-full wp-image-12762\" src=\"http:\/\/susanne-frigge.de\/schmuck-update\/wp-content\/uploads\/2013\/04\/Material-Silber24.jpg\" alt=\"Material Silber2\" width=\"437\" height=\"291\" srcset=\"http:\/\/www.susanne-frigge.de\/schmuck\/wp-content\/uploads\/2013\/04\/Material-Silber24-120x79.jpg 120w, http:\/\/www.susanne-frigge.de\/schmuck\/wp-content\/uploads\/2013\/04\/Material-Silber24-300x199.jpg 300w, http:\/\/www.susanne-frigge.de\/schmuck\/wp-content\/uploads\/2013\/04\/Material-Silber24.jpg 437w\" sizes=\"(max-width: 437px) 100vw, 437px\" \/><\/a><\/p>\n<\/div><\/div><\/div><div class=\"fusion-layout-column fusion_builder_column fusion-builder-column-12 fusion_builder_column_1_3 1_3 fusion-flex-column\" style=\"--awb-bg-size:cover;--awb-width-large:33.333333333333%;--awb-margin-top-large:0px;--awb-spacing-right-large:5.76%;--awb-margin-bottom-large:20px;--awb-spacing-left-large:5.76%;--awb-width-medium:33.333333333333%;--awb-spacing-right-medium:5.76%;--awb-spacing-left-medium:5.76%;--awb-width-small:100%;--awb-spacing-right-small:1.92%;--awb-spacing-left-small:1.92%;\"><div class=\"fusion-column-wrapper fusion-flex-justify-content-flex-start fusion-content-layout-column\"><div class=\"fusion-text fusion-text-12\"><p><a href=\"http:\/\/susanne-frigge.de\/schmuck-update\/wp-content\/uploads\/2013\/04\/Steine2.jpg\"><img decoding=\"async\" class=\"alignnone size-full wp-image-12768\" src=\"http:\/\/susanne-frigge.de\/schmuck-update\/wp-content\/uploads\/2013\/04\/Steine2.jpg\" alt=\"Steine\" width=\"450\" height=\"300\" srcset=\"http:\/\/www.susanne-frigge.de\/schmuck\/wp-content\/uploads\/2013\/04\/Steine2-120x80.jpg 120w, http:\/\/www.susanne-frigge.de\/schmuck\/wp-content\/uploads\/2013\/04\/Steine2-300x200.jpg 300w, http:\/\/www.susanne-frigge.de\/schmuck\/wp-content\/uploads\/2013\/04\/Steine2.jpg 450w\" sizes=\"(max-width: 450px) 100vw, 450px\" \/><\/a><\/p>\n<\/div><\/div><\/div><div class=\"fusion-layout-column fusion_builder_column fusion-builder-column-13 fusion_builder_column_1_3 1_3 fusion-flex-column\" style=\"--awb-bg-size:cover;--awb-width-large:33.333333333333%;--awb-margin-top-large:0px;--awb-spacing-right-large:5.76%;--awb-margin-bottom-large:20px;--awb-spacing-left-large:5.76%;--awb-width-medium:33.333333333333%;--awb-spacing-right-medium:5.76%;--awb-spacing-left-medium:5.76%;--awb-width-small:100%;--awb-spacing-right-small:1.92%;--awb-spacing-left-small:1.92%;\"><div class=\"fusion-column-wrapper fusion-flex-justify-content-flex-start fusion-content-layout-column\"><div class=\"fusion-text fusion-text-13\"><p><a href=\"http:\/\/susanne-frigge.de\/schmuck-update\/wp-content\/uploads\/2013\/04\/Entwurf11.jpg\"><img decoding=\"async\" class=\"alignnone size-full wp-image-12750\" src=\"http:\/\/susanne-frigge.de\/schmuck-update\/wp-content\/uploads\/2013\/04\/Entwurf11.jpg\" alt=\"Entwurf1\" width=\"448\" height=\"299\" srcset=\"http:\/\/www.susanne-frigge.de\/schmuck\/wp-content\/uploads\/2013\/04\/Entwurf11-120x80.jpg 120w, http:\/\/www.susanne-frigge.de\/schmuck\/wp-content\/uploads\/2013\/04\/Entwurf11-300x200.jpg 300w, http:\/\/www.susanne-frigge.de\/schmuck\/wp-content\/uploads\/2013\/04\/Entwurf11.jpg 448w\" sizes=\"(max-width: 448px) 100vw, 448px\" \/><\/a><\/p>\n<\/div><\/div><\/div><div class=\"fusion-layout-column fusion_builder_column fusion-builder-column-14 fusion_builder_column_1_3 1_3 fusion-flex-column\" style=\"--awb-bg-size:cover;--awb-width-large:33.333333333333%;--awb-margin-top-large:0px;--awb-spacing-right-large:5.76%;--awb-margin-bottom-large:20px;--awb-spacing-left-large:5.76%;--awb-width-medium:33.333333333333%;--awb-spacing-right-medium:5.76%;--awb-spacing-left-medium:5.76%;--awb-width-small:100%;--awb-spacing-right-small:1.92%;--awb-spacing-left-small:1.92%;\"><div class=\"fusion-column-wrapper fusion-flex-justify-content-flex-start fusion-content-layout-column\"><div class=\"fusion-text fusion-text-14\"><p><a href=\"http:\/\/susanne-frigge.de\/schmuck-update\/wp-content\/uploads\/2013\/04\/Entwurf21.jpg\"><img decoding=\"async\" class=\"alignnone size-full wp-image-12751\" src=\"http:\/\/susanne-frigge.de\/schmuck-update\/wp-content\/uploads\/2013\/04\/Entwurf21.jpg\" alt=\"Entwurf2\" width=\"446\" height=\"297\" srcset=\"http:\/\/www.susanne-frigge.de\/schmuck\/wp-content\/uploads\/2013\/04\/Entwurf21-120x79.jpg 120w, http:\/\/www.susanne-frigge.de\/schmuck\/wp-content\/uploads\/2013\/04\/Entwurf21-300x199.jpg 300w, http:\/\/www.susanne-frigge.de\/schmuck\/wp-content\/uploads\/2013\/04\/Entwurf21.jpg 446w\" sizes=\"(max-width: 446px) 100vw, 446px\" \/><\/a><\/p>\n<\/div><\/div><\/div><div class=\"fusion-layout-column fusion_builder_column fusion-builder-column-15 fusion_builder_column_1_3 1_3 fusion-flex-column\" style=\"--awb-bg-size:cover;--awb-width-large:33.333333333333%;--awb-margin-top-large:0px;--awb-spacing-right-large:5.76%;--awb-margin-bottom-large:20px;--awb-spacing-left-large:5.76%;--awb-width-medium:33.333333333333%;--awb-spacing-right-medium:5.76%;--awb-spacing-left-medium:5.76%;--awb-width-small:100%;--awb-spacing-right-small:1.92%;--awb-spacing-left-small:1.92%;\"><div class=\"fusion-column-wrapper fusion-flex-justify-content-flex-start fusion-content-layout-column\"><div class=\"fusion-text fusion-text-15\"><p><a href=\"http:\/\/susanne-frigge.de\/schmuck-update\/wp-content\/uploads\/2013\/04\/Entwurf61.jpg\"><img decoding=\"async\" class=\"alignnone size-full wp-image-12755\" src=\"http:\/\/susanne-frigge.de\/schmuck-update\/wp-content\/uploads\/2013\/04\/Entwurf61.jpg\" alt=\"Entwurf6\" width=\"405\" height=\"270\" srcset=\"http:\/\/www.susanne-frigge.de\/schmuck\/wp-content\/uploads\/2013\/04\/Entwurf61-120x80.jpg 120w, http:\/\/www.susanne-frigge.de\/schmuck\/wp-content\/uploads\/2013\/04\/Entwurf61-300x200.jpg 300w, http:\/\/www.susanne-frigge.de\/schmuck\/wp-content\/uploads\/2013\/04\/Entwurf61.jpg 405w\" sizes=\"(max-width: 405px) 100vw, 405px\" \/><\/a><\/p>\n<\/div><\/div><\/div><div class=\"fusion-layout-column fusion_builder_column fusion-builder-column-16 fusion_builder_column_1_3 1_3 fusion-flex-column\" style=\"--awb-bg-size:cover;--awb-width-large:33.333333333333%;--awb-margin-top-large:0px;--awb-spacing-right-large:5.76%;--awb-margin-bottom-large:20px;--awb-spacing-left-large:5.76%;--awb-width-medium:33.333333333333%;--awb-spacing-right-medium:5.76%;--awb-spacing-left-medium:5.76%;--awb-width-small:100%;--awb-spacing-right-small:1.92%;--awb-spacing-left-small:1.92%;\"><div class=\"fusion-column-wrapper fusion-flex-justify-content-flex-start fusion-content-layout-column\"><div class=\"fusion-text fusion-text-16\"><p><a href=\"http:\/\/susanne-frigge.de\/schmuck-update\/wp-content\/uploads\/2013\/04\/Entwurf51.jpg\"><img decoding=\"async\" class=\"alignnone size-full wp-image-12754\" src=\"http:\/\/susanne-frigge.de\/schmuck-update\/wp-content\/uploads\/2013\/04\/Entwurf51.jpg\" alt=\"Entwurf5\" width=\"450\" height=\"300\" srcset=\"http:\/\/www.susanne-frigge.de\/schmuck\/wp-content\/uploads\/2013\/04\/Entwurf51-120x80.jpg 120w, http:\/\/www.susanne-frigge.de\/schmuck\/wp-content\/uploads\/2013\/04\/Entwurf51-300x200.jpg 300w, http:\/\/www.susanne-frigge.de\/schmuck\/wp-content\/uploads\/2013\/04\/Entwurf51.jpg 450w\" sizes=\"(max-width: 450px) 100vw, 450px\" \/><\/a><\/p>\n<\/div><\/div><\/div><\/div><\/div>\n","protected":false},"excerpt":{"rendered":"","protected":false},"author":1,"featured_media":0,"parent":0,"menu_order":0,"comment_status":"open","ping_status":"closed","template":"","meta":{"footnotes":""},"class_list":["post-3496","page","type-page","status-publish","hentry"],"_links":{"self":[{"href":"http:\/\/www.susanne-frigge.de\/schmuck\/wp-json\/wp\/v2\/pages\/3496","targetHints":{"allow":["GET"]}}],"collection":[{"href":"http:\/\/www.susanne-frigge.de\/schmuck\/wp-json\/wp\/v2\/pages"}],"about":[{"href":"http:\/\/www.susanne-frigge.de\/schmuck\/wp-json\/wp\/v2\/types\/page"}],"author":[{"embeddable":true,"href":"http:\/\/www.susanne-frigge.de\/schmuck\/wp-json\/wp\/v2\/users\/1"}],"replies":[{"embeddable":true,"href":"http:\/\/www.susanne-frigge.de\/schmuck\/wp-json\/wp\/v2\/comments?post=3496"}],"version-history":[{"count":19,"href":"http:\/\/www.susanne-frigge.de\/schmuck\/wp-json\/wp\/v2\/pages\/3496\/revisions"}],"predecessor-version":[{"id":13862,"href":"http:\/\/www.susanne-frigge.de\/schmuck\/wp-json\/wp\/v2\/pages\/3496\/revisions\/13862"}],"wp:attachment":[{"href":"http:\/\/www.susanne-frigge.de\/schmuck\/wp-json\/wp\/v2\/media?parent=3496"}],"curies":[{"name":"wp","href":"https:\/\/api.w.org\/{rel}","templated":true}]}}